{"id":2901,"date":"2018-11-05T16:36:31","date_gmt":"2018-11-05T15:36:31","guid":{"rendered":"http:\/\/www.the-new-listener.de\/?page_id=2901"},"modified":"2020-05-27T08:49:12","modified_gmt":"2020-05-27T06:49:12","slug":"the-must-listener","status":"publish","type":"page","link":"http:\/\/www.the-new-listener.de\/index.php\/the-must-listener\/","title":{"rendered":"The Must Listener"},"content":{"rendered":"<p><img loading=\"lazy\" class=\"size-medium wp-image-2902 aligncenter\" src=\"http:\/\/www.the-new-listener.de\/wp-content\/uploads\/2018\/11\/MustListener-300x189.jpg\" alt=\"\" width=\"300\" height=\"189\" srcset=\"http:\/\/www.the-new-listener.de\/wp-content\/uploads\/2018\/11\/MustListener-300x189.jpg 300w, http:\/\/www.the-new-listener.de\/wp-content\/uploads\/2018\/11\/MustListener.jpg 403w\" sizes=\"(max-width: 300px) 100vw, 300px\" \/><\/p>\n<p style=\"text-align: justify;\">\u201eThe Must Listener\u201c ist eine Auszeichnung von <a href=\"http:\/\/www.the-new-listener.de\">www.the-new-listener.de<\/a>, die im November 2018 eingef\u00fchrt wurde. Sie wird ausschlie\u00dflich an bemerkenswerte Aufnahmen verliehen, die sich durch besonderes Spiel oder au\u00dfergew\u00f6hnliches Repertoire abheben. <em>The New Listener<\/em> verzichtet bewusst auf ein Bewertungssystem, da eine musikalische Darbietung aufgrund ihrer Vielschichtigkeit nicht in einer Note oder Punktanzahl gemessen werden kann. So entspricht \u201eThe Must Listener\u201c nicht einer Bestnote, sondern hebt diejenigen Aufnahmen hervor, die auffallen und im Ged\u00e4chtnis bleiben.<\/p>\n<p style=\"text-align: justify;\">\u00a0Alle Darbietungen, welche mit \u201eThe Must Listener\u201c ausgezeichnet wurden, werden hier in einer Art \u201eHall to Listen\u201c aufgef\u00fchrt und verlinkt.<\/p>\n<p>05.11.2018 &#8211; <a href=\"http:\/\/www.the-new-listener.de\/index.php\/2018\/11\/05\/mehr-als-reiner-nachhall\/\" target=\"_blank\" rel=\"noopener noreferrer\">Matthias M\u00fcller spielt Mozart und eigene Werke<\/a><\/p>\n<p>10.02.2019 &#8211; <a href=\"http:\/\/www.the-new-listener.de\/index.php\/2019\/02\/10\/eleganz-und-perfektionismus\/\">H\u00e5kon Austb\u00f8 spielt das Klavierwerk von Maurice Ravel<\/a><\/p>\n<p>18.04.2019 &#8211; <a href=\"http:\/\/www.the-new-listener.de\/index.php\/2019\/04\/18\/orchestermusik-vom-spanischen-mozart\/\">Juanjo Mena dirigiert Orchesterwerke von Juan Cris\u00f3stomo de Arriaga<\/a><\/p>\n<p>24.04.2019 &#8211; <a href=\"http:\/\/www.the-new-listener.de\/index.php\/2019\/04\/24\/russische-klaviermusik\/\">Jean-Paul Gasparian mit russischer Klaviermusik<\/a><\/p>\n<p>23.09.2019 &#8211; <a href=\"http:\/\/www.the-new-listener.de\/index.php\/2019\/09\/23\/tief-erspuert-intuitiv-und-klar\/\">Andrea Vivanet entdeckt Karol Szymanowski<\/a><\/p>\n<p>27.01.2020 &#8211; <a href=\"http:\/\/www.the-new-listener.de\/index.php\/2020\/01\/27\/hvoslefs-klavierkonzert-endlich-auf-cd\/\">Orchestermusik von Ketil Hvoslef<\/a><\/p>\n<p>02.02.2020 &#8211; <a href=\"http:\/\/www.the-new-listener.de\/index.php\/2020\/02\/02\/folklore-fuer-den-konzertsaal\/\">Mariam Kharatyan pr\u00e4sentiert Komitas<\/a><\/p>\n<p>27.05.2020 &#8211; <a href=\"http:\/\/www.the-new-listener.de\/index.php\/2020\/05\/27\/vom-bad-boy-zum-good-boy\/\">Alessandro Fagiuoli und Alessia Toffanin mit den vier Violinsonaten George Antheils<\/a><\/p>\n","protected":false},"excerpt":{"rendered":"<p>\u201eThe Must Listener\u201c ist eine Auszeichnung von www.the-new-listener.de, die im November 2018 eingef\u00fchrt wurde. Sie wird ausschlie\u00dflich an bemerkenswerte Aufnahmen verliehen, die sich durch besonderes Spiel oder au\u00dfergew\u00f6hnliches Repertoire abheben. The New Listener verzichtet bewusst auf ein Bewertungssystem, da eine musikalische Darbietung aufgrund ihrer Vielschichtigkeit nicht in einer Note oder Punktanzahl gemessen werden kann. So &hellip; <a href=\"http:\/\/www.the-new-listener.de\/index.php\/the-must-listener\/\" class=\"more-link\"><span class=\"screen-reader-text\">The Must Listener<\/span> weiterlesen <span class=\"meta-nav\">&rarr;<\/span><\/a><\/p>\n","protected":false},"author":1,"featured_media":0,"parent":0,"menu_order":0,"comment_status":"closed","ping_status":"closed","template":"","meta":[],"_links":{"self":[{"href":"http:\/\/www.the-new-listener.de\/index.php\/wp-json\/wp\/v2\/pages\/2901"}],"collection":[{"href":"http:\/\/www.the-new-listener.de\/index.php\/wp-json\/wp\/v2\/pages"}],"about":[{"href":"http:\/\/www.the-new-listener.de\/index.php\/wp-json\/wp\/v2\/types\/page"}],"author":[{"embeddable":true,"href":"http:\/\/www.the-new-listener.de\/index.php\/wp-json\/wp\/v2\/users\/1"}],"replies":[{"embeddable":true,"href":"http:\/\/www.the-new-listener.de\/index.php\/wp-json\/wp\/v2\/comments?post=2901"}],"version-history":[{"count":6,"href":"http:\/\/www.the-new-listener.de\/index.php\/wp-json\/wp\/v2\/pages\/2901\/revisions"}],"predecessor-version":[{"id":3821,"href":"http:\/\/www.the-new-listener.de\/index.php\/wp-json\/wp\/v2\/pages\/2901\/revisions\/3821"}],"wp:attachment":[{"href":"http:\/\/www.the-new-listener.de\/index.php\/wp-json\/wp\/v2\/media?parent=2901"}],"curies":[{"name":"wp","href":"https:\/\/api.w.org\/{rel}","templated":true}]}}