{"id":2905,"date":"2018-11-05T16:40:36","date_gmt":"2018-11-05T15:40:36","guid":{"rendered":"http:\/\/www.the-new-listener.de\/?page_id=2905"},"modified":"2018-11-05T16:48:58","modified_gmt":"2018-11-05T15:48:58","slug":"beyond-the-waves","status":"publish","type":"page","link":"http:\/\/www.the-new-listener.de\/index.php\/beyond-the-waves\/","title":{"rendered":"Beyond the Waves"},"content":{"rendered":"<p style=\"text-align: center;\"><strong>From the endless ocean of chamber music<br \/>\n<\/strong><strong>Fished and edited by Oliver Fraenzke<\/strong><\/p>\n<p><strong>\u00a0<a href=\"https:\/\/repertoire-explorer.musikmph.de\/de\/produkt-kategorie\/beyond-the-waves-kammermusik\/\" target=\"_blank\" rel=\"noopener\"><img loading=\"lazy\" class=\"wp-image-2906 aligncenter\" src=\"http:\/\/www.the-new-listener.de\/wp-content\/uploads\/2018\/11\/IMG_7253-300x225.jpg\" alt=\"\" width=\"436\" height=\"327\" srcset=\"http:\/\/www.the-new-listener.de\/wp-content\/uploads\/2018\/11\/IMG_7253-300x225.jpg 300w, http:\/\/www.the-new-listener.de\/wp-content\/uploads\/2018\/11\/IMG_7253-768x576.jpg 768w, http:\/\/www.the-new-listener.de\/wp-content\/uploads\/2018\/11\/IMG_7253-1024x768.jpg 1024w\" sizes=\"(max-width: 436px) 100vw, 436px\" \/><\/a><\/strong><\/p>\n<p style=\"text-align: justify;\">\u201eBeyond the Waves\u201c widmet sich in Vergessenheit geratener Kammermusik, die jetzt als Auff\u00fchrungsmaterial ver\u00f6ffentlicht wird.<\/p>\n<p style=\"text-align: justify;\">Im Laufe der Zeit sind zahllose Werke aus den Konzertprogrammen verschwunden, der Kanon der westlichen Musik verengte sich auf ein \u00fcberschaubares Standardrepertoire. Bei meinen Tauchg\u00e4ngen im kammermusikalischen Ozean entdeckte und entdecke ich eine reiche Welt an unbekannten Werken. Und auch Musiker und Musikliebhaber, die den Wunsch mit mir teilen, nicht oder kaum beachtete Musik der \u00d6ffentlichkeit zug\u00e4nglich zu machen, sp\u00fcren in den Tiefen St\u00fccke auf, die sie mir mitbringen und mit denen wir \u201eBeyond the Waves\u201c zu einer einzigartigen, noch nie dagewesenen Kammermusiksammlung machen.<\/p>\n<p style=\"text-align: justify;\">All diese Sch\u00e4tze \u2013 meist nicht mehr erh\u00e4ltliche Werke, deren Notendruck ich restauriert habe, und andere St\u00fccke, die erstmalig an die Meeresoberfl\u00e4che kommen \u2013 holen wir ans Festland: dort, wo sie gespielt werden sollen.<\/p>\n<p style=\"text-align: justify;\">Erkunden Sie mit mir die unendlichen Weiten dieses Kammermusikozeans. Vielleicht haben Sie Ihre Netze in unerforschten Gew\u00e4ssern ausgeworfen und Rarit\u00e4ten gehoben, die nur darauf warten, ver\u00f6ffentlicht zu werden? Kontaktieren Sie mich gerne diesbez\u00fcglich.<\/p>\n<p style=\"text-align: justify;\">Oliver Fraenzke<\/p>\n<p style=\"text-align: center;\"><strong><a href=\"https:\/\/repertoire-explorer.musikmph.de\/de\/produkt-kategorie\/beyond-the-waves-kammermusik\/\" target=\"_blank\" rel=\"noopener\">[Zum Katalog]<\/a><\/strong><\/p>\n","protected":false},"excerpt":{"rendered":"<p>From the endless ocean of chamber music Fished and edited by Oliver Fraenzke \u00a0 \u201eBeyond the Waves\u201c widmet sich in Vergessenheit geratener Kammermusik, die jetzt als Auff\u00fchrungsmaterial ver\u00f6ffentlicht wird. Im Laufe der Zeit sind zahllose Werke aus den Konzertprogrammen verschwunden, der Kanon der westlichen Musik verengte sich auf ein \u00fcberschaubares Standardrepertoire. Bei meinen Tauchg\u00e4ngen im &hellip; <a href=\"http:\/\/www.the-new-listener.de\/index.php\/beyond-the-waves\/\" class=\"more-link\"><span class=\"screen-reader-text\">Beyond the Waves<\/span> weiterlesen <span class=\"meta-nav\">&rarr;<\/span><\/a><\/p>\n","protected":false},"author":1,"featured_media":0,"parent":0,"menu_order":0,"comment_status":"closed","ping_status":"closed","template":"","meta":[],"_links":{"self":[{"href":"http:\/\/www.the-new-listener.de\/index.php\/wp-json\/wp\/v2\/pages\/2905"}],"collection":[{"href":"http:\/\/www.the-new-listener.de\/index.php\/wp-json\/wp\/v2\/pages"}],"about":[{"href":"http:\/\/www.the-new-listener.de\/index.php\/wp-json\/wp\/v2\/types\/page"}],"author":[{"embeddable":true,"href":"http:\/\/www.the-new-listener.de\/index.php\/wp-json\/wp\/v2\/users\/1"}],"replies":[{"embeddable":true,"href":"http:\/\/www.the-new-listener.de\/index.php\/wp-json\/wp\/v2\/comments?post=2905"}],"version-history":[{"count":2,"href":"http:\/\/www.the-new-listener.de\/index.php\/wp-json\/wp\/v2\/pages\/2905\/revisions"}],"predecessor-version":[{"id":2909,"href":"http:\/\/www.the-new-listener.de\/index.php\/wp-json\/wp\/v2\/pages\/2905\/revisions\/2909"}],"wp:attachment":[{"href":"http:\/\/www.the-new-listener.de\/index.php\/wp-json\/wp\/v2\/media?parent=2905"}],"curies":[{"name":"wp","href":"https:\/\/api.w.org\/{rel}","templated":true}]}}